{"id":2561,"date":"2025-02-23T06:34:18","date_gmt":"2025-02-23T06:34:18","guid":{"rendered":"https:\/\/ar-ne.org\/?page_id=2561"},"modified":"2025-02-23T17:17:43","modified_gmt":"2025-02-23T17:17:43","slug":"business-directory-submission","status":"publish","type":"page","link":"https:\/\/ar-ne.org\/ro\/community\/business-directory-submission","title":{"rendered":"Trimitere \u00een directorul de afaceri"},"content":{"rendered":"<div class=\"fusion-fullwidth fullwidth-box fusion-builder-row-1 fusion-flex-container has-pattern-background has-mask-background nonhundred-percent-fullwidth non-hundred-percent-height-scrolling\" style=\"--awb-border-radius-top-left:0px;--awb-border-radius-top-right:0px;--awb-border-radius-bottom-right:0px;--awb-border-radius-bottom-left:0px;--awb-flex-wrap:wrap;\" ><div class=\"fusion-builder-row fusion-row fusion-flex-align-items-flex-start fusion-flex-content-wrap\" style=\"max-width:1216.8px;margin-left: calc(-4% \/ 2 );margin-right: calc(-4% \/ 2 );\"><div class=\"fusion-layout-column fusion_builder_column fusion-builder-column-0 fusion_builder_column_1_2 1_2 fusion-flex-column\" style=\"--awb-bg-size:cover;--awb-width-large:50%;--awb-margin-top-large:0px;--awb-spacing-right-large:3.84%;--awb-margin-bottom-large:20px;--awb-spacing-left-large:3.84%;--awb-width-medium:50%;--awb-order-medium:0;--awb-spacing-right-medium:3.84%;--awb-spacing-left-medium:3.84%;--awb-width-small:100%;--awb-order-small:0;--awb-spacing-right-small:1.92%;--awb-spacing-left-small:1.92%;\"><div class=\"fusion-column-wrapper fusion-column-has-shadow fusion-flex-justify-content-flex-start fusion-content-layout-column\"><div class=\"fusion-text fusion-text-1\"><h3>Join our Romanian Business Directory!<\/h3>\n<p>Are you a Romanian business owner in New England? We want to support and promote local businesses within our community!<\/p>\n<p>Submit your business details to be featured in our online directory. This initiative aims to connect Romanians with local businesses and strengthen our community.<\/p>\n<p>Fill out the form, and we&#8217;ll review your submission before publishing it. If you have any questions, feel free to contact us.<\/p>\n<\/div><\/div><\/div><div class=\"fusion-layout-column fusion_builder_column fusion-builder-column-1 fusion_builder_column_1_2 1_2 fusion-flex-column\" style=\"--awb-bg-size:cover;--awb-width-large:50%;--awb-margin-top-large:0px;--awb-spacing-right-large:3.84%;--awb-margin-bottom-large:20px;--awb-spacing-left-large:3.84%;--awb-width-medium:50%;--awb-order-medium:0;--awb-spacing-right-medium:3.84%;--awb-spacing-left-medium:3.84%;--awb-width-small:100%;--awb-order-small:0;--awb-spacing-right-small:1.92%;--awb-spacing-left-small:1.92%;\"><div class=\"fusion-column-wrapper fusion-column-has-shadow fusion-flex-justify-content-flex-start fusion-content-layout-column\"><div class=\"fusion-form fusion-form-builder fusion-form-form-wrapper fusion-form-1224\" style=\"--awb-tooltip-text-color:#ffffff;--awb-tooltip-background-color:#333333;\" data-form-id=\"1224\" data-config=\"{&quot;form_id&quot;:&quot;1224&quot;,&quot;form_post_id&quot;:&quot;1224&quot;,&quot;post_id&quot;:2561,&quot;form_type&quot;:&quot;ajax&quot;,&quot;confirmation_type&quot;:&quot;message&quot;,&quot;redirect_url&quot;:&quot;&quot;,&quot;field_labels&quot;:{&quot;name&quot;:&quot;Business Name&quot;,&quot;ownercontact_name&quot;:&quot;Owner\\\/Contact Name&quot;,&quot;phone&quot;:&quot;Phone&quot;,&quot;address&quot;:&quot;Location address&quot;,&quot;email&quot;:&quot;Email&quot;,&quot;business_category&quot;:&quot;Business Category&quot;,&quot;upload_logo&quot;:&quot;Upload business logo&quot;,&quot;business_description&quot;:&quot;Business description&quot;,&quot;social_media&quot;:&quot;Social media links&quot;,&quot;consent&quot;:&quot;Consent&quot;},&quot;field_logics&quot;:{&quot;name&quot;:&quot;&quot;,&quot;ownercontact_name&quot;:&quot;&quot;,&quot;phone&quot;:&quot;&quot;,&quot;address&quot;:&quot;&quot;,&quot;email&quot;:&quot;&quot;,&quot;business_category&quot;:&quot;&quot;,&quot;upload_logo&quot;:&quot;&quot;,&quot;business_description&quot;:&quot;&quot;,&quot;social_media&quot;:&quot;&quot;,&quot;consent&quot;:&quot;&quot;,&quot;notice_1&quot;:&quot;&quot;},&quot;field_types&quot;:{&quot;name&quot;:&quot;text&quot;,&quot;ownercontact_name&quot;:&quot;text&quot;,&quot;phone&quot;:&quot;phone_number&quot;,&quot;address&quot;:&quot;text&quot;,&quot;email&quot;:&quot;email&quot;,&quot;business_category&quot;:&quot;select&quot;,&quot;upload_logo&quot;:&quot;upload&quot;,&quot;business_description&quot;:&quot;textarea&quot;,&quot;social_media&quot;:&quot;textarea&quot;,&quot;recaptcha_1&quot;:&quot;recaptcha&quot;,&quot;consent&quot;:&quot;consent&quot;,&quot;submit_1&quot;:&quot;submit&quot;,&quot;notice_1&quot;:&quot;notice&quot;},&quot;nonce_method&quot;:&quot;ajax&quot;}\"><form action=\"https:\/\/ar-ne.org\/ro\/community\/business-directory-submission\/\" method=\"post\" class=\"fusion-form fusion-form-1224\" enctype=\"multipart\/form-data\" data-trp-original-action=\"https:\/\/ar-ne.org\/ro\/community\/business-directory-submission\"><div class=\"fusion-fullwidth fullwidth-box fusion-builder-row-1-1 fusion-flex-container nonhundred-percent-fullwidth non-hundred-percent-height-scrolling\" style=\"--awb-border-radius-top-left:0px;--awb-border-radius-top-right:0px;--awb-border-radius-bottom-right:0px;--awb-border-radius-bottom-left:0px;--awb-padding-top:0px;--awb-padding-right:0px;--awb-padding-bottom:0px;--awb-padding-left:0px;--awb-flex-wrap:wrap;\" ><div class=\"fusion-builder-row fusion-row fusion-flex-align-items-flex-start fusion-flex-content-wrap\" style=\"width:104% !important;max-width:104% !important;margin-left: calc(-4% \/ 2 );margin-right: calc(-4% \/ 2 );\"><div class=\"fusion-layout-column fusion_builder_column fusion-builder-column-2 fusion_builder_column_1_2 1_2 fusion-flex-column\" style=\"--awb-bg-size:cover;--awb-width-large:50%;--awb-margin-top-large:0px;--awb-spacing-right-large:3.84%;--awb-margin-bottom-large:0px;--awb-spacing-left-large:3.84%;--awb-width-medium:50%;--awb-order-medium:0;--awb-spacing-right-medium:3.84%;--awb-spacing-left-medium:3.84%;--awb-width-small:100%;--awb-order-small:0;--awb-spacing-right-small:1.92%;--awb-spacing-left-small:1.92%;\"><div class=\"fusion-column-wrapper fusion-column-has-shadow fusion-flex-justify-content-flex-start fusion-content-layout-column\"><div class=\"fusion-form-field fusion-form-text-field fusion-form-label-above\" style=\"\" data-form-id=\"1224\"><div class=\"fusion-form-label-wrapper\"><label for=\"name\">Business Name <abbr class=\"fusion-form-element-required\" title=\"required\">*<\/abbr><\/label><\/div><input type=\"text\"  data-empty-notice=\"Please add a business name\" name=\"name\" id=\"name\" value=\"\"  class=\"fusion-form-input\" required=\"true\" aria-required=\"true\" data-holds-private-data=\"false\" minlength=\"0\"\/><\/div><div class=\"fusion-form-field fusion-form-text-field fusion-form-label-above\" style=\"\" data-form-id=\"1224\"><div class=\"fusion-form-label-wrapper\"><label for=\"ownercontact_name\">Owner\/Contact Name <abbr class=\"fusion-form-element-required\" title=\"required\">*<\/abbr><\/label><\/div><div class=\"fusion-form-input-with-icon\"><i class=\"awb-form-icon fa-user-alt fas\"><\/i><input type=\"text\"  data-empty-notice=\"Please add a contact name\" name=\"ownercontact_name\" id=\"ownercontact_name\" value=\"\"  class=\"fusion-form-input\" required=\"true\" aria-required=\"true\" data-holds-private-data=\"false\" minlength=\"0\"\/><\/div><\/div><div class=\"fusion-form-field fusion-form-phone-number-field fusion-form-label-above\" style=\"\" data-form-id=\"1224\"><div class=\"fusion-form-label-wrapper\"><label for=\"phone\">Telefon <abbr class=\"fusion-form-element-required\" title=\"required\">*<\/abbr><\/label><\/div><div class=\"fusion-form-input-with-icon\"><i class=\"awb-form-icon fa-phone-square-alt fas\"><\/i><input type=\"tel\"  data-empty-notice=\"Please add a phone number\" name=\"phone\" id=\"phone\" value=\"\"  class=\"fusion-form-input\" required=\"true\" aria-required=\"true\" placeholder=\"+1 (123) 456 - 7890*\" data-holds-private-data=\"false\"\/><\/div><\/div><div class=\"fusion-form-field fusion-form-text-field fusion-form-label-above\" style=\"\" data-form-id=\"1224\"><div class=\"fusion-form-label-wrapper\"><label for=\"address\">Location address <abbr class=\"fusion-form-element-required\" title=\"required\">*<\/abbr><\/label><\/div><div class=\"fusion-form-input-with-icon\"><i class=\"awb-form-icon fa-map-marked-alt fas\"><\/i><input type=\"text\"  data-empty-notice=\"Please add your address\" name=\"address\" id=\"address\" value=\"\"  class=\"fusion-form-input\" required=\"true\" aria-required=\"true\" placeholder=\"Street, City, State, ZIP Code*\" data-holds-private-data=\"false\" minlength=\"0\"\/><\/div><\/div><\/div><\/div><div class=\"fusion-layout-column fusion_builder_column fusion-builder-column-3 fusion_builder_column_1_2 1_2 fusion-flex-column\" style=\"--awb-bg-size:cover;--awb-width-large:50%;--awb-margin-top-large:0px;--awb-spacing-right-large:3.84%;--awb-margin-bottom-large:0px;--awb-spacing-left-large:3.84%;--awb-width-medium:50%;--awb-order-medium:0;--awb-spacing-right-medium:3.84%;--awb-spacing-left-medium:3.84%;--awb-width-small:100%;--awb-order-small:0;--awb-spacing-right-small:1.92%;--awb-spacing-left-small:1.92%;\"><div class=\"fusion-column-wrapper fusion-column-has-shadow fusion-flex-justify-content-flex-start fusion-content-layout-column\"><div class=\"fusion-form-field fusion-form-email-field fusion-form-label-above\" style=\"\" data-form-id=\"1224\"><div class=\"fusion-form-label-wrapper\"><label for=\"email\">E-mail <abbr class=\"fusion-form-element-required\" title=\"required\">*<\/abbr><\/label><\/div><input type=\"email\"  data-empty-notice=\"Please add an email\" name=\"email\" id=\"email\" value=\"\"  class=\"fusion-form-input\" required=\"true\" aria-required=\"true\" placeholder=\"email@business.com*\" data-holds-private-data=\"false\"\/><\/div><div class=\"fusion-form-field fusion-form-select-field fusion-form-label-above\" style=\"\" data-form-id=\"1224\"><label for=\"business_category\">Business Category <abbr class=\"fusion-form-element-required\" title=\"required\">*<\/abbr><\/label><div class=\"fusion-form-input-with-icon\"><i class=\"fa-briefcase fas\"><\/i><div class=\"fusion-select-wrapper\"><select data-empty-notice=\"Please select a category\" tabindex=\"\" id=\"business_category\" name=\"business_category\" class=\"fusion-form-input\" required=\"true\" aria-required=\"true\" data-holds-private-data=\"false\"><option value=\"Restaurant & Food\" >Restaurant & Food<\/option><option value=\"Retail & Specialty Shops\" >Retail & Specialty Shops<\/option><option value=\"Professional Services (Law, Accounting, IT, etc.)\" >Professional Services (Law, Accounting, IT, etc.)<\/option><option value=\"Health & Wellness\" >Health & Wellness<\/option><option value=\"Arts & Entertainment\" >Arts & Entertainment<\/option><option value=\"Other\" >Other<\/option><\/select><div class=\"select-arrow\"><svg width=\"12\" height=\"8\" viewbox=\"0 0 12 8\" fill=\"none\" xmlns=\"http:\/\/www.w3.org\/2000\/svg\"> <path d=\"M1.5 1.75L6 6.25L10.5 1.75\" stroke=\"#6D6D6D\" stroke-width=\"2\" stroke-linecap=\"round\" stroke-linejoin=\"round\"\/> <\/svg><\/div><\/div><\/div><\/div><div class=\"fusion-form-field fusion-form-upload-field fusion-form-label-above\" style=\"\" data-form-id=\"1224\"><label for=\"upload_logo\">Upload business logo <abbr class=\"fusion-form-element-required\" title=\"required\">*<\/abbr><\/label><div class=\"fusion-form-input-with-icon\"><i class=\"fa-upload fas\"><\/i><div class=\"fusion-form-upload-field-container\"><input type=\"file\" data-empty-notice=\"Please upload your business logo\" id=\"upload_logo\" name=\"upload_logo\" value=\"\"  class=\"fusion-form-input\"accept=\".jpg,.png,.jpeg,.heic\" required=\"true\" aria-required=\"true\" placeholder=\"Click or drag a file to this area to upload.*\" data-size=\"1\"\/><input type=\"text\" disabled value=\"\" class=\"fusion-form-upload-field\"  required=\"true\" aria-required=\"true\" placeholder=\"Click or drag a file to this area to upload.*\" data-holds-private-data=\"false\"\/><div ><a class=\"fusion-button button-flat button-medium button-default fusion-button-default button-1 fusion-button-default-span fusion-button-default-type fusion-form-upload-field-button\" style=\"--button-border-radius-top-left:0px;--button-border-radius-top-right:0px;--button-border-radius-bottom-right:0px;--button-border-radius-bottom-left:0px;\" target=\"_self\" href=\"javascript:void();\"><span class=\"fusion-button-text\">Choose File<\/span><\/a><\/div><\/div><\/div><\/div><\/div><\/div><div class=\"fusion-layout-column fusion_builder_column fusion-builder-column-4 fusion_builder_column_1_1 1_1 fusion-flex-column\" style=\"--awb-bg-size:cover;--awb-width-large:100%;--awb-margin-top-large:0px;--awb-spacing-right-large:1.92%;--awb-margin-bottom-large:20px;--awb-spacing-left-large:1.92%;--awb-width-medium:100%;--awb-order-medium:0;--awb-spacing-right-medium:1.92%;--awb-spacing-left-medium:1.92%;--awb-width-small:100%;--awb-order-small:0;--awb-spacing-right-small:1.92%;--awb-spacing-left-small:1.92%;\"><div class=\"fusion-column-wrapper fusion-column-has-shadow fusion-flex-justify-content-flex-start fusion-content-layout-column\"><div class=\"fusion-form-field fusion-form-textarea-field fusion-form-label-above\" style=\"\" data-form-id=\"1224\"><label for=\"business_description\">Business description <abbr class=\"fusion-form-element-required\" title=\"required\">*<\/abbr><\/label><div class=\"fusion-form-input-with-icon\"><i class=\"fa-chalkboard-teacher fas\"><\/i><textarea cols=\"40\" data-empty-notice=\"Please add a few words about your business\"  minlength=\"0\"  rows=\"4\" tabindex=\"\" id=\"business_description\" name=\"business_description\" class=\"fusion-form-input\" required=\"true\" aria-required=\"true\" data-holds-private-data=\"false\"><\/textarea><\/div><\/div><div class=\"fusion-form-field fusion-form-textarea-field fusion-form-label-above\" style=\"\" data-form-id=\"1224\"><label for=\"social_media\">Social media links<\/label><div class=\"fusion-form-input-with-icon\"><i class=\"fa-instagram fab\"><\/i><textarea cols=\"40\"  minlength=\"0\"  rows=\"4\" tabindex=\"\" id=\"social_media\" name=\"social_media\" class=\"fusion-form-input\" data-holds-private-data=\"false\"><\/textarea><\/div><\/div><div class=\"fusion-form-field fusion-form-recaptcha-field fusion-form-label-above\" style=\"\" data-form-id=\"1224\">\t\t\t\t<div class=\"form-creator-recaptcha\" >\n\t\t\t\t\t\t\t\t\t\t\t\t\t\t<div class=\"fusion-form-recaptcha-wrapper\">\n\t\t\t\t\t<div\n\t\t\t\t\t\tid=\"g-recaptcha-id-form-1224\"\n\t\t\t\t\t\tclass=\"awb-recaptcha-v2 fusion-form-recaptcha-v2\"\n\t\t\t\t\t\tdata-theme=\"light\"\n\t\t\t\t\t\tdata-sitekey=\"6Lca2d8qAAAAAHSegUrQ2AvLCHnNySuSxHhaF_1y\"\n\t\t\t\t\t\tdata-tabindex=\"\">\n\t\t\t\t\t<\/div>\n\t\t\t\t<\/div>\n\t\t\t\t\t\t\t\t\t\t\t<\/div>\n\t\t\t\t<\/div><div class=\"fusion-form-field fusion-form-consent-field fusion-form-label-above\" style=\"\" data-form-id=\"1224\"><div class=\"fusion-form-label-wrapper\"><label for=\"consent\">Consent <abbr class=\"fusion-form-element-required\" title=\"required\">*<\/abbr><\/label><\/div><div class=\"fusion-form-checkbox option-inline\"><input tabindex=\"\" id=\"consent\" type=\"checkbox\" value=\"1\" name=\"consent\" class=\"fusion-form-input\" required=\"true\" aria-required=\"true\"\/><label for=\"consent\">I agree to have my business information published on the Romanian Association of New England's website.<\/label><\/div><\/div><div class=\"fusion-form-field fusion-form-submit-field fusion-form-label-above\" style=\"\" data-form-id=\"1224\"><div ><button type=\"submit\" class=\"fusion-button button-flat fusion-button-default-size button-default fusion-button-default button-2 fusion-button-default-span  form-form-submit button-default\" style=\"--button_margin-top:12px;\" data-form-number=\"1224\" tabindex=\"\"><span class=\"fusion-button-text\">Submit<\/span><\/button><\/div><\/div><\/div><\/div><div class=\"fusion-layout-column fusion_builder_column fusion-builder-column-5 fusion_builder_column_1_1 1_1 fusion-flex-column\" style=\"--awb-bg-size:cover;--awb-width-large:100%;--awb-margin-top-large:0px;--awb-spacing-right-large:1.92%;--awb-margin-bottom-large:0px;--awb-spacing-left-large:1.92%;--awb-width-medium:100%;--awb-order-medium:0;--awb-spacing-right-medium:1.92%;--awb-spacing-left-medium:1.92%;--awb-width-small:100%;--awb-order-small:0;--awb-spacing-right-small:1.92%;--awb-spacing-left-small:1.92%;\"><div class=\"fusion-column-wrapper fusion-column-has-shadow fusion-flex-justify-content-flex-start fusion-content-layout-column\"><div class=\"form-submission-notices data-notice_1\" id=\"fusion-notices-1\"><div class=\"fusion-alert alert success alert-success fusion-alert-center fusion-form-response fusion-form-response-success awb-alert-native-link-color alert-dismissable awb-alert-close-boxed\" role=\"alert\"><div class=\"fusion-alert-content-wrapper\"><span class=\"alert-icon\"><i class=\"awb-icon-check-circle\" aria-hidden=\"true\"><\/i><\/span><span class=\"fusion-alert-content\">Thank you! We received your business details.<\/span><\/div><button type=\"button\" class=\"close toggle-alert\" data-dismiss=\"alert\" aria-label=\"Close\">\u00d7<\/button><\/div><div class=\"fusion-alert alert error alert-danger fusion-alert-center fusion-form-response fusion-form-response-error awb-alert-native-link-color alert-dismissable awb-alert-close-boxed\" role=\"alert\"><div class=\"fusion-alert-content-wrapper\"><span class=\"alert-icon\"><i class=\"awb-icon-exclamation-triangle\" aria-hidden=\"true\"><\/i><\/span><span class=\"fusion-alert-content\">A ap\u0103rut o eroare la \u00eencercarea de a trimite mesajul dvs. V\u0103 rug\u0103m s\u0103 \u00eencerca\u021bi din nou mai t\u00e2rziu.<\/span><\/div><button type=\"button\" class=\"close toggle-alert\" data-dismiss=\"alert\" aria-label=\"Close\">\u00d7<\/button><\/div><\/div><\/div><\/div><\/div><\/div><input type=\"hidden\" name=\"trp-form-language\" value=\"ro\"\/><\/form><\/div><\/div><\/div><\/div><\/div>","protected":false},"excerpt":{"rendered":"","protected":false},"author":6,"featured_media":0,"parent":1415,"menu_order":0,"comment_status":"closed","ping_status":"closed","template":"100-width.php","meta":{"footnotes":""},"class_list":["post-2561","page","type-page","status-publish","hentry"],"_links":{"self":[{"href":"https:\/\/ar-ne.org\/ro\/wp-json\/wp\/v2\/pages\/2561","targetHints":{"allow":["GET"]}}],"collection":[{"href":"https:\/\/ar-ne.org\/ro\/wp-json\/wp\/v2\/pages"}],"about":[{"href":"https:\/\/ar-ne.org\/ro\/wp-json\/wp\/v2\/types\/page"}],"author":[{"embeddable":true,"href":"https:\/\/ar-ne.org\/ro\/wp-json\/wp\/v2\/users\/6"}],"replies":[{"embeddable":true,"href":"https:\/\/ar-ne.org\/ro\/wp-json\/wp\/v2\/comments?post=2561"}],"version-history":[{"count":2,"href":"https:\/\/ar-ne.org\/ro\/wp-json\/wp\/v2\/pages\/2561\/revisions"}],"predecessor-version":[{"id":2565,"href":"https:\/\/ar-ne.org\/ro\/wp-json\/wp\/v2\/pages\/2561\/revisions\/2565"}],"up":[{"embeddable":true,"href":"https:\/\/ar-ne.org\/ro\/wp-json\/wp\/v2\/pages\/1415"}],"wp:attachment":[{"href":"https:\/\/ar-ne.org\/ro\/wp-json\/wp\/v2\/media?parent=2561"}],"curies":[{"name":"wp","href":"https:\/\/api.w.org\/{rel}","templated":true}]}}