{"id":1080,"date":"2015-02-20T20:12:25","date_gmt":"2015-02-20T20:12:25","guid":{"rendered":"https:\/\/avada.theme-fusion.com_demos\/law\/?page_id=12"},"modified":"2023-05-07T15:00:05","modified_gmt":"2023-05-07T15:00:05","slug":"what-we-do","status":"publish","type":"page","link":"https:\/\/ar-ne.org\/ro\/what-we-do","title":{"rendered":"Ce facem"},"content":{"rendered":"<p><div class=\"fusion-fullwidth fullwidth-box fusion-builder-row-1 fusion-flex-container has-pattern-background has-mask-background nonhundred-percent-fullwidth non-hundred-percent-height-scrolling\" style=\"--awb-background-position:left top;--awb-border-sizes-top:0px;--awb-border-sizes-bottom:1px;--awb-border-sizes-left:0px;--awb-border-sizes-right:0px;--awb-border-radius-top-left:0px;--awb-border-radius-top-right:0px;--awb-border-radius-bottom-right:0px;--awb-border-radius-bottom-left:0px;--awb-padding-top:110px;--awb-padding-bottom:90px;--awb-padding-top-medium:72px;--awb-padding-bottom-medium:62px;--awb-background-color:var(--awb-color1);--awb-flex-wrap:wrap;\" ><div class=\"fusion-builder-row fusion-row fusion-flex-align-items-flex-start fusion-flex-content-wrap\" style=\"max-width:calc( 1170px + 0px );margin-left: calc(-0px \/ 2 );margin-right: calc(-0px \/ 2 );\"><div class=\"fusion-layout-column fusion_builder_column fusion-builder-column-0 fusion_builder_column_1_1 1_1 fusion-flex-column fusion-flex-align-self-flex-start fusion-column-no-min-height\" style=\"--awb-bg-blend:overlay;--awb-bg-size:cover;--awb-width-large:100%;--awb-margin-top-large:0px;--awb-spacing-right-large:0px;--awb-margin-bottom-large:0px;--awb-spacing-left-large:0px;--awb-width-medium:100%;--awb-order-medium:0;--awb-spacing-right-medium:0px;--awb-spacing-left-medium:0px;--awb-width-small:100%;--awb-order-small:0;--awb-spacing-right-small:0px;--awb-spacing-left-small:0px;\" data-scroll-devices=\"small-visibility,medium-visibility,large-visibility\"><div class=\"fusion-column-wrapper fusion-column-has-shadow fusion-flex-justify-content-flex-start fusion-content-layout-column\"><div class=\"fusion-title title fusion-title-1 fusion-sep-none fusion-title-center fusion-title-text fusion-title-size-two\" style=\"--awb-margin-bottom:20px;--awb-margin-bottom-small:20px;\"><h2 class=\"fusion-title-heading title-heading-center\" style=\"margin:0;\">Misiunea noastr\u0103<\/h2><\/div><div class=\"fusion-separator\" style=\"align-self: center;margin-left: auto;margin-right: auto;margin-top:10px;margin-bottom:70px;width:100%;max-width:170px;\"><div class=\"fusion-separator-border sep-single sep-solid\" style=\"--awb-height:20px;--awb-amount:20px;--awb-sep-color:var(--awb-color4);border-color:var(--awb-color4);border-top-width:1px;\"><\/div><\/div><div class=\"fusion-text fusion-text-1\"><p>Principalul obiectiv al asocia\u021biei noastre este p\u0103strarea mo\u0219tenirii lingvistice \u0219i culturale a comunit\u0103\u021bii noastre de rom\u00e2ni din New England. Sper\u0103m s\u0103 putem transmite tradi\u021biile noastre genera\u021biilor urm\u0103toare a\u0219a cum le-am primit de la p\u0103rin\u021bii \u0219i bunicii no\u0219tri. \u00cen acest scop, organiz\u0103m \u0219i promov\u0103m o gam\u0103 larg\u0103 de evenimente sociale, culturale, educa\u021bionale \u0219i profesionale.<\/p>\n<\/div><div style=\"text-align:center;\"><a class=\"fusion-button button-flat button-large button-default fusion-button-default button-1 fusion-button-default-span\" style=\"--button-border-radius-top-left:2px;--button-border-radius-top-right:2px;--button-border-radius-bottom-right:2px;--button-border-radius-bottom-left:2px;--button_margin-top:30px;\" target=\"_self\" href=\"https:\/\/ar-ne.org\/ro\/events\/\"><span class=\"fusion-button-text\">Evenimentele Noastre<\/span><\/a><\/div><\/div><\/div><\/div><\/div><div class=\"fusion-fullwidth fullwidth-box fusion-builder-row-2 fusion-flex-container nonhundred-percent-fullwidth non-hundred-percent-height-scrolling\" style=\"--awb-background-position:left top;--awb-border-sizes-top:0px;--awb-border-sizes-bottom:0px;--awb-border-sizes-left:0px;--awb-border-sizes-right:0px;--awb-border-radius-top-left:0px;--awb-border-radius-top-right:0px;--awb-border-radius-bottom-right:0px;--awb-border-radius-bottom-left:0px;--awb-padding-top:110px;--awb-padding-bottom:90px;--awb-padding-top-medium:72px;--awb-padding-bottom-medium:62px;--awb-background-color:var(--awb-color2);--awb-flex-wrap:wrap;\" ><div class=\"fusion-builder-row fusion-row fusion-flex-align-items-flex-start fusion-flex-content-wrap\" style=\"max-width:calc( 1170px + 0px );margin-left: calc(-0px \/ 2 );margin-right: calc(-0px \/ 2 );\"><div class=\"fusion-layout-column fusion_builder_column fusion-builder-column-1 fusion_builder_column_1_1 1_1 fusion-flex-column fusion-flex-align-self-flex-start fusion-column-no-min-height\" style=\"--awb-bg-blend:overlay;--awb-bg-size:cover;--awb-width-large:100%;--awb-margin-top-large:0px;--awb-spacing-right-large:0px;--awb-margin-bottom-large:0px;--awb-spacing-left-large:0px;--awb-width-medium:100%;--awb-spacing-right-medium:0px;--awb-spacing-left-medium:0px;--awb-width-small:100%;--awb-spacing-right-small:0px;--awb-spacing-left-small:0px;\"><div class=\"fusion-column-wrapper fusion-flex-justify-content-flex-start fusion-content-layout-column\"><div class=\"fusion-separator fusion-full-width-sep\" style=\"align-self: center;margin-left: auto;margin-right: auto;width:100%;\"><div class=\"fusion-separator-border sep-single sep-solid\" style=\"--awb-height:20px;--awb-amount:20px;--awb-sep-color:var(--awb-color5);border-color:var(--awb-color5);border-top-width:5px;\"><\/div><\/div><\/div><\/div><div class=\"fusion-layout-column fusion_builder_column fusion-builder-column-2 fusion_builder_column_1_1 1_1 fusion-flex-column green-border rounded-border\" style=\"--awb-padding-top:60px;--awb-padding-right:60px;--awb-padding-bottom:50px;--awb-padding-left:60px;--awb-bg-color:var(--awb-color1);--awb-bg-color-hover:var(--awb-color1);--awb-bg-size:cover;--awb-border-color:var(--awb-color3);--awb-border-top:1px;--awb-border-right:1px;--awb-border-bottom:1px;--awb-border-left:1px;--awb-border-style:solid;--awb-width-large:100%;--awb-margin-top-large:0px;--awb-spacing-right-large:0px;--awb-margin-bottom-large:20px;--awb-spacing-left-large:0px;--awb-width-medium:100%;--awb-spacing-right-medium:0px;--awb-spacing-left-medium:0px;--awb-width-small:100%;--awb-spacing-right-small:0px;--awb-spacing-left-small:0px;\"><div class=\"fusion-column-wrapper fusion-flex-justify-content-center fusion-content-layout-column\"><div class=\"fusion-title title fusion-title-2 fusion-sep-none fusion-title-center fusion-title-text fusion-title-size-two\" style=\"--awb-margin-bottom:20px;--awb-margin-bottom-small:20px;\"><h2 class=\"fusion-title-heading title-heading-center\" style=\"margin:0;\">\u00centreb\u0103ri frecvente<\/h2><\/div><div class=\"fusion-separator\" style=\"align-self: center;margin-left: auto;margin-right: auto;margin-top:10px;margin-bottom:70px;width:100%;max-width:170px;\"><div class=\"fusion-separator-border sep-single sep-solid\" style=\"--awb-height:20px;--awb-amount:20px;--awb-sep-color:var(--awb-color4);border-color:var(--awb-color4);border-top-width:1px;\"><\/div><\/div><div class=\"accordian fusion-accordian\" style=\"--awb-border-size:1px;--awb-icon-size:16px;--awb-content-font-size:var(--awb-typography4-font-size);--awb-icon-alignment:left;--awb-hover-color:var(--awb-color2);--awb-border-color:var(--awb-color3);--awb-background-color:var(--awb-color1);--awb-divider-color:var(--awb-color3);--awb-divider-hover-color:var(--awb-color3);--awb-icon-color:var(--awb-color1);--awb-title-color:var(--awb-color8);--awb-content-color:var(--awb-color8);--awb-icon-box-color:var(--awb-color8);--awb-toggle-hover-accent-color:var(--awb-color5);--awb-title-font-family:var(--awb-typography1-font-family);--awb-title-font-weight:var(--awb-typography1-font-weight);--awb-title-font-style:var(--awb-typography1-font-style);--awb-title-font-size:24px;--awb-title-letter-spacing:0px;--awb-title-line-height:1.43;--awb-content-font-family:var(--awb-typography4-font-family);--awb-content-font-weight:var(--awb-typography4-font-weight);--awb-content-font-style:var(--awb-typography4-font-style);\"><div class=\"panel-group fusion-toggle-icon-boxed\" id=\"accordion-1080-1\"><div class=\"fusion-panel panel-default panel-673cf310f9a48d3db fusion-toggle-has-divider\" style=\"--awb-title-color:var(--awb-color8);\"><div class=\"panel-heading\"><h3 class=\"panel-title toggle\" id=\"toggle_673cf310f9a48d3db\"><a aria-expanded=\"false\" aria-controls=\"673cf310f9a48d3db\" role=\"button\" data-toggle=\"collapse\" data-parent=\"#accordion-1080-1\" data-target=\"#673cf310f9a48d3db\" href=\"#673cf310f9a48d3db\"><span class=\"fusion-toggle-icon-wrapper\" aria-hidden=\"true\"><i class=\"fa-fusion-box active-icon awb-icon-minus\" aria-hidden=\"true\"><\/i><i class=\"fa-fusion-box inactive-icon awb-icon-plus\" aria-hidden=\"true\"><\/i><\/span><span class=\"fusion-toggle-heading\">Cum m\u0103 pot incrie pe lista de coresponden\u021b\u0103?<\/span><\/a><\/h3><\/div><div id=\"673cf310f9a48d3db\" class=\"panel-collapse collapse\" aria-labelledby=\"toggle_673cf310f9a48d3db\"><div class=\"panel-body toggle-content fusion-clearfix\">\n<p class=\"translation-block\">Abona\u021bi-v\u0103 <a href=\"https:\/\/dev1.ar-ne.org\/mailing-list\" target=\"_self\">aici<\/a> la lista noastr\u0103 de coresponden\u021b\u0103, care include informa\u021bii despre evenimente \u0219i activit\u0103\u021bi organizate nu doar de AR -NE, dar de alte grupuri din comunitatea rom\u00e2no-american\u0103 din New England.<\/p>\n<\/div><\/div><\/div><div class=\"fusion-panel panel-default panel-d99a154b8a0bf4011 fusion-toggle-has-divider\" style=\"--awb-title-color:var(--awb-color8);\"><div class=\"panel-heading\"><h3 class=\"panel-title toggle\" id=\"toggle_d99a154b8a0bf4011\"><a aria-expanded=\"false\" aria-controls=\"d99a154b8a0bf4011\" role=\"button\" data-toggle=\"collapse\" data-parent=\"#accordion-1080-1\" data-target=\"#d99a154b8a0bf4011\" href=\"#d99a154b8a0bf4011\"><span class=\"fusion-toggle-icon-wrapper\" aria-hidden=\"true\"><i class=\"fa-fusion-box active-icon awb-icon-minus\" aria-hidden=\"true\"><\/i><i class=\"fa-fusion-box inactive-icon awb-icon-plus\" aria-hidden=\"true\"><\/i><\/span><span class=\"fusion-toggle-heading\">C\u00e2nd a fost fondat\u0103 AR-NE?<\/span><\/a><\/h3><\/div><div id=\"d99a154b8a0bf4011\" class=\"panel-collapse collapse\" aria-labelledby=\"toggle_d99a154b8a0bf4011\"><div class=\"panel-body toggle-content fusion-clearfix\">\n<p>Conceptul din spatele AR-NE a fost discutat pentru prima dat\u0103 \u00een decembrie 2009. Activit\u0103\u021bile au \u00eenceput s\u0103 se desf\u0103\u0219oare la \u00eenceputul anului 2010, sub egida Boston Romanian Professionals (BRP), entitate ne\u00eenregistrat\u0103 oficial. Evolu\u021bia BRP, ca nume \u0219i ca tip de organiza\u021bie, a culminat cu \u00eenregistrarea AR-NE pe 13 octombrie 2010. V\u0103 rug\u0103m s\u0103 vizita\u021bi Istoria noastr\u0103 pentru mai multe detalii.<\/p>\n<\/div><\/div><\/div><div class=\"fusion-panel panel-default panel-36bf136925f7ab997 fusion-toggle-has-divider\" style=\"--awb-title-color:var(--awb-color8);\"><div class=\"panel-heading\"><h3 class=\"panel-title toggle\" id=\"toggle_36bf136925f7ab997\"><a aria-expanded=\"false\" aria-controls=\"36bf136925f7ab997\" role=\"button\" data-toggle=\"collapse\" data-parent=\"#accordion-1080-1\" data-target=\"#36bf136925f7ab997\" href=\"#36bf136925f7ab997\"><span class=\"fusion-toggle-icon-wrapper\" aria-hidden=\"true\"><i class=\"fa-fusion-box active-icon awb-icon-minus\" aria-hidden=\"true\"><\/i><i class=\"fa-fusion-box inactive-icon awb-icon-plus\" aria-hidden=\"true\"><\/i><\/span><span class=\"fusion-toggle-heading\">Cum este structurat AR-NE?<\/span><\/a><\/h3><\/div><div id=\"36bf136925f7ab997\" class=\"panel-collapse collapse\" aria-labelledby=\"toggle_36bf136925f7ab997\"><div class=\"panel-body toggle-content fusion-clearfix\">\n<pre id=\"tw-target-text\" class=\"tw-data-text tw-text-large tw-ta\" dir=\"ltr\" data-placeholder=\"Translation\"><span class=\"Y2IQFc\" lang=\"en\">AR-NE este format\u0103 din voluntari care lucreaz\u0103 \u00eempreun\u0103 pentru a coordona activit\u0103\u021bile \u0219i programele ei.<\/span><\/pre>\n<\/div><\/div><\/div><div class=\"fusion-panel panel-default panel-1dfa9128d4c42610e fusion-toggle-has-divider\" style=\"--awb-title-color:var(--awb-color8);\"><div class=\"panel-heading\"><h3 class=\"panel-title toggle\" id=\"toggle_1dfa9128d4c42610e\"><a aria-expanded=\"false\" aria-controls=\"1dfa9128d4c42610e\" role=\"button\" data-toggle=\"collapse\" data-parent=\"#accordion-1080-1\" data-target=\"#1dfa9128d4c42610e\" href=\"#1dfa9128d4c42610e\"><span class=\"fusion-toggle-icon-wrapper\" aria-hidden=\"true\"><i class=\"fa-fusion-box active-icon awb-icon-minus\" aria-hidden=\"true\"><\/i><i class=\"fa-fusion-box inactive-icon awb-icon-plus\" aria-hidden=\"true\"><\/i><\/span><span class=\"fusion-toggle-heading\">Cum pot s\u0103 ajut?<\/span><\/a><\/h3><\/div><div id=\"1dfa9128d4c42610e\" class=\"panel-collapse collapse\" aria-labelledby=\"toggle_1dfa9128d4c42610e\"><div class=\"panel-body toggle-content fusion-clearfix\">\n<p>V\u0103 rug\u0103m vizita\u021bi <a href=\"https:\/\/ar-ne.org\/ro\/donate\/\">SPRIJIN\u0102 MISIUNEA<\/a> if you wish to contribute with a donation.<\/p>\n<p>Exist\u0103 multe aspecte \u00een care o organiza\u021bie precum AR-NE are nevoie de ajutorul dvs. V\u0103 rug\u0103m s\u0103 vizita\u021bi <a href=\"https:\/\/ar-ne.org\/ro\/volunteer\/\">OPORTUNIT\u0102\u021aI DE VOLUNTAT<\/a>.<\/p>\n<p>V\u0103 rug\u0103m <a href=\"https:\/\/ar-ne.org\/ro\/contact-us\/\">contacta\u021bi-ne<\/a> pentru informa\u021bii suplimentare.<\/p>\n<\/div><\/div><\/div><div class=\"fusion-panel panel-default panel-a96668a335f1ed44b fusion-toggle-has-divider\" style=\"--awb-title-color:var(--awb-color8);\"><div class=\"panel-heading\"><h3 class=\"panel-title toggle\" id=\"toggle_a96668a335f1ed44b\"><a aria-expanded=\"false\" aria-controls=\"a96668a335f1ed44b\" role=\"button\" data-toggle=\"collapse\" data-parent=\"#accordion-1080-1\" data-target=\"#a96668a335f1ed44b\" href=\"#a96668a335f1ed44b\"><span class=\"fusion-toggle-icon-wrapper\" aria-hidden=\"true\"><i class=\"fa-fusion-box active-icon awb-icon-minus\" aria-hidden=\"true\"><\/i><i class=\"fa-fusion-box inactive-icon awb-icon-plus\" aria-hidden=\"true\"><\/i><\/span><span class=\"fusion-toggle-heading\"> Sunt dona\u021biile scutite de taxe?<\/span><\/a><\/h3><\/div><div id=\"a96668a335f1ed44b\" class=\"panel-collapse collapse\" aria-labelledby=\"toggle_a96668a335f1ed44b\"><div class=\"panel-body toggle-content fusion-clearfix\">\n<p>Da, deoarece organiza\u021bia noastr\u0103 a fost recunoscut\u0103 de IRS ca o asocia\u021bie caritabil\u0103 sus\u021binut\u0103 public, \u201e501(c)(3) nonprofit scutit de taxe\u201d.<\/p>\n<\/div><\/div><\/div><div class=\"fusion-panel panel-default panel-6df89e5b59efbad4d fusion-toggle-has-divider\" style=\"--awb-title-color:var(--awb-color8);\"><div class=\"panel-heading\"><h3 class=\"panel-title toggle\" id=\"toggle_6df89e5b59efbad4d\"><a aria-expanded=\"false\" aria-controls=\"6df89e5b59efbad4d\" role=\"button\" data-toggle=\"collapse\" data-parent=\"#accordion-1080-1\" data-target=\"#6df89e5b59efbad4d\" href=\"#6df89e5b59efbad4d\"><span class=\"fusion-toggle-icon-wrapper\" aria-hidden=\"true\"><i class=\"fa-fusion-box active-icon awb-icon-minus\" aria-hidden=\"true\"><\/i><i class=\"fa-fusion-box inactive-icon awb-icon-plus\" aria-hidden=\"true\"><\/i><\/span><span class=\"fusion-toggle-heading\">Cum pot propune un nou proiect?<\/span><\/a><\/h3><\/div><div id=\"6df89e5b59efbad4d\" class=\"panel-collapse collapse\" aria-labelledby=\"toggle_6df89e5b59efbad4d\"><div class=\"panel-body toggle-content fusion-clearfix\">\n<p>\u00cen prezent, AR-NE desf\u0103\u0219oar\u0103 un volum limitat de activit\u0103\u021bi, mai ales datorit\u0103 implic\u0103rii unui num\u0103r redus de voluntari. Propunerile dumneavoastr\u0103 de programe \u0219i activit\u0103\u021bi noi \u00een care v\u0103 pute\u021bi implica \u00eempreun\u0103 cu AR-NE sunt a\u0219teptate cu mare interes. Pentru orice sugestii pe care le pute\u021bi avea cu privire la acest subiect, v\u0103 rug\u0103m s\u0103 ne contacta\u021bi direct.<\/p>\n<\/div><\/div><\/div><div class=\"fusion-panel panel-default panel-76c5d7e22a69ae1f8 fusion-toggle-has-divider\" style=\"--awb-title-color:var(--awb-color8);\"><div class=\"panel-heading\"><h3 class=\"panel-title toggle\" id=\"toggle_76c5d7e22a69ae1f8\"><a aria-expanded=\"false\" aria-controls=\"76c5d7e22a69ae1f8\" role=\"button\" data-toggle=\"collapse\" data-parent=\"#accordion-1080-1\" data-target=\"#76c5d7e22a69ae1f8\" href=\"#76c5d7e22a69ae1f8\"><span class=\"fusion-toggle-icon-wrapper\" aria-hidden=\"true\"><i class=\"fa-fusion-box active-icon awb-icon-minus\" aria-hidden=\"true\"><\/i><i class=\"fa-fusion-box inactive-icon awb-icon-plus\" aria-hidden=\"true\"><\/i><\/span><span class=\"fusion-toggle-heading\">Unde ne intalnim?<\/span><\/a><\/h3><\/div><div id=\"76c5d7e22a69ae1f8\" class=\"panel-collapse collapse\" aria-labelledby=\"toggle_76c5d7e22a69ae1f8\"><div class=\"panel-body toggle-content fusion-clearfix\">\n<p>V\u0103 rug\u0103m s\u0103 urm\u0103ri\u021bi anun\u021burile noastre, fie prin newsletter, pe site, fie prin platformele Facebook \u0219i LinkedIn. Anunturile vor specifica detaliile intalnirilor.<\/p>\n<p>De asemenea, ne-am dori foarte mult s\u0103 participe la \u00eent\u00e2lnirile noastre organiza\u021bionale, \u00een speran\u021ba c\u0103 acest lucru va cre\u0219te participarea voluntarilor \u00een organiza\u021bie. V\u0103 rug\u0103m s\u0103 ne indica\u021bi dorin\u021ba de a ni se al\u0103tura contact\u00e2ndu-ne direct, iar noi v\u0103 vom trimite prompt adresa la care v\u0103 a\u0219tept\u0103m. De asemenea, ne-am dori foarte mult s\u0103 participe la \u00eent\u00e2lnirile noastre organizatorice, \u00een speran\u021ba c\u0103 aceasta va cre\u0219te. participarea voluntarilor \u00een organiza\u021bie. V\u0103 rug\u0103m s\u0103 ne indica\u021bi dorin\u021ba de a ni se al\u0103tura contact\u00e2ndu-ne direct, iar noi v\u0103 vom trimite prompt adresa la care v\u0103 a\u0219tept\u0103m.<\/p>\n<\/div><\/div><\/div><div class=\"fusion-panel panel-default panel-50c8122b0a1eb3674 fusion-toggle-has-divider\" style=\"--awb-title-color:var(--awb-color8);\"><div class=\"panel-heading\"><h3 class=\"panel-title toggle\" id=\"toggle_50c8122b0a1eb3674\"><a aria-expanded=\"false\" aria-controls=\"50c8122b0a1eb3674\" role=\"button\" data-toggle=\"collapse\" data-parent=\"#accordion-1080-1\" data-target=\"#50c8122b0a1eb3674\" href=\"#50c8122b0a1eb3674\"><span class=\"fusion-toggle-icon-wrapper\" aria-hidden=\"true\"><i class=\"fa-fusion-box active-icon awb-icon-minus\" aria-hidden=\"true\"><\/i><i class=\"fa-fusion-box inactive-icon awb-icon-plus\" aria-hidden=\"true\"><\/i><\/span><span class=\"fusion-toggle-heading\">Unde pot g\u0103si Actul Constitutiv sau Statutul?<\/span><\/a><\/h3><\/div><div id=\"50c8122b0a1eb3674\" class=\"panel-collapse collapse\" aria-labelledby=\"toggle_50c8122b0a1eb3674\"><div class=\"panel-body toggle-content fusion-clearfix\">\n<p>Actul constitutiv (a\u0219a cum este depus la Massachusetts Secretary of State) se g\u0103sesc aici.<\/p>\n<p>Statutul (a\u0219a cum a fost depus la Massachusetts Secretary of State) se g\u0103se\u0219te aici. El poate fi modificat a\u0219a cum este indicat \u00een text.<\/p>\n<\/div><\/div><\/div><\/div><\/div><\/div><\/div><\/div><\/div><div class=\"fusion-bg-parallax\" data-bg-align=\"center center\" data-direction=\"up\" data-mute=\"false\" data-opacity=\"100\" data-velocity=\"-0.3\" data-mobile-enabled=\"false\" data-break_parents=\"0\" data-bg-image=\"https:\/\/ar-ne.org\/wp-content\/uploads\/2023\/05\/george-cosbuc.jpg\" data-bg-repeat=\"false\" ><\/div><div class=\"fusion-fullwidth fullwidth-box fusion-builder-row-3 fusion-flex-container has-pattern-background has-mask-background fusion-parallax-up nonhundred-percent-fullwidth non-hundred-percent-height-scrolling lazyload\" style=\"--awb-border-sizes-top:0px;--awb-border-sizes-bottom:0px;--awb-border-sizes-left:0px;--awb-border-sizes-right:0px;--awb-border-radius-top-left:0px;--awb-border-radius-top-right:0px;--awb-border-radius-bottom-right:0px;--awb-border-radius-bottom-left:0px;--awb-padding-top:110px;--awb-padding-bottom:80px;--awb-padding-top-medium:80px;--awb-padding-bottom-medium:52px;--awb-background-size:cover;--awb-flex-wrap:wrap;\" data-bg=\"https:\/\/ar-ne.org\/wp-content\/uploads\/2023\/05\/george-cosbuc.jpg\" ><div class=\"fusion-builder-row fusion-row fusion-flex-align-items-flex-start fusion-flex-content-wrap\" style=\"max-width:calc( 1170px + 0px );margin-left: calc(-0px \/ 2 );margin-right: calc(-0px \/ 2 );\"><div class=\"fusion-layout-column fusion_builder_column fusion-builder-column-3 fusion_builder_column_1_1 1_1 fusion-flex-column fusion-flex-align-self-flex-start fusion-column-no-min-height\" style=\"--awb-bg-blend:overlay;--awb-bg-size:cover;--awb-width-large:100%;--awb-margin-top-large:0px;--awb-spacing-right-large:0px;--awb-margin-bottom-large:0px;--awb-spacing-left-large:0px;--awb-width-medium:100%;--awb-spacing-right-medium:0px;--awb-spacing-left-medium:0px;--awb-width-small:100%;--awb-spacing-right-small:0px;--awb-spacing-left-small:0px;\"><div class=\"fusion-column-wrapper fusion-flex-justify-content-flex-start fusion-content-layout-column\"><div class=\"fusion-separator fusion-full-width-sep\" style=\"align-self: center;margin-left: auto;margin-right: auto;width:100%;\"><div class=\"fusion-separator-border sep-single sep-solid\" style=\"--awb-height:20px;--awb-amount:20px;--awb-sep-color:var(--awb-color8);border-color:var(--awb-color8);border-top-width:1px;\"><\/div><\/div><div class=\"fusion-testimonials clean awb-speech-bubble-show fusion-testimonials-1\" style=\"--awb-textcolor:var(--awb-color5);--awb-backgroundcolor:rgba(255,255,255,0);--awb-testimonial-border-style:solid;--awb-testimonial-border-color:var(--awb-color3);--awb-border-top-left-radius:0px;--awb-border-top-right-radius:0px;--awb-border-bottom-left-radius:0px;--awb-border-bottom-right-radius:0px;--testimonial-border-width-top:0px;--testimonial-border-width-right:0px;--testimonial-border-width-bottom:0px;--testimonial-border-width-left:0px;\" data-random=\"0\" data-speed=\"4000\"><div class=\"reviews\"><div class=\"review active-testimonial avatar-above no-avatar\"><blockquote class=\"testimonials-shortcode-blockquote\"><div class=\"awb-quote\"><div class=\"awb-quote-content\">\n<p>\u201eE lung p\u0103m\u00e2ntul, ba e lat,<br \/>\nDar ca S\u0103geat\u0103 de bogat<br \/>\nNici ast\u0103zi domn pe lume nu-i,<br \/>\n\u015ei-avea o fat\u0103, \u2013 fata lui \u2013<br \/>\nIcoan\u0103-ntr-un altar so pui<br \/>\nLa \u00eenchinat.\u201d<\/p>\n<\/div><\/div><\/blockquote><div class=\"author\"><span class=\"company-name\"><\/span><\/div><\/div><\/div><\/div><\/div><\/div><\/div><\/div><div class=\"fusion-fullwidth fullwidth-box fusion-builder-row-4 fusion-flex-container has-pattern-background has-mask-background nonhundred-percent-fullwidth non-hundred-percent-height-scrolling\" style=\"--awb-border-sizes-top:0px;--awb-border-sizes-bottom:0px;--awb-border-sizes-left:0px;--awb-border-sizes-right:0px;--awb-border-radius-top-left:0px;--awb-border-radius-top-right:0px;--awb-border-radius-bottom-right:0px;--awb-border-radius-bottom-left:0px;--awb-padding-top:100px;--awb-padding-bottom:100px;--awb-background-color:var(--awb-color7);--awb-flex-wrap:wrap;\" ><div class=\"fusion-builder-row fusion-row fusion-flex-align-items-flex-start fusion-flex-justify-content-center fusion-flex-content-wrap\" style=\"max-width:1216.8px;margin-left: calc(-4% \/ 2 );margin-right: calc(-4% \/ 2 );\"><div class=\"fusion-layout-column fusion_builder_column fusion-builder-column-4 fusion_builder_column_2_3 2_3 fusion-flex-column fusion-flex-align-self-flex-start fusion-column-no-min-height\" style=\"--awb-bg-blend:overlay;--awb-bg-size:cover;--awb-width-large:66.666666666667%;--awb-margin-top-large:0px;--awb-spacing-right-large:2.88%;--awb-margin-bottom-large:0px;--awb-spacing-left-large:2.88%;--awb-width-medium:66.666666666667%;--awb-spacing-right-medium:2.88%;--awb-spacing-left-medium:2.88%;--awb-width-small:100%;--awb-spacing-right-small:1.92%;--awb-spacing-left-small:1.92%;\"><div class=\"fusion-column-wrapper fusion-flex-justify-content-flex-start fusion-content-layout-column\"><div class=\"fusion-text fusion-text-2\" style=\"--awb-content-alignment:center;--awb-font-size:var(--awb-typography2-font-size);--awb-line-height:var(--awb-typography2-line-height);--awb-text-color:var(--awb-color1);\"><p>V\u0103 rug\u0103m s\u0103 lua\u021bi \u00een considerare o dona\u021bie. Este  deductibil\u0103 fiscal \u0219i ne ajut\u0103!<\/p>\n<\/div><div style=\"text-align:center;\"><a class=\"fusion-button button-flat button-large button-default fusion-button-default button-2 fusion-button-default-span\" style=\"--button-border-radius-top-left:2px;--button-border-radius-top-right:2px;--button-border-radius-bottom-right:2px;--button-border-radius-bottom-left:2px;--button_margin-top:30px;\" target=\"_self\" href=\"https:\/\/ar-ne.org\/ro\/donate\/\"><span class=\"fusion-button-text\">Dona\u021bie<\/span><\/a><\/div><\/div><\/div><\/div><\/div><\/p>","protected":false},"excerpt":{"rendered":"","protected":false},"author":1,"featured_media":0,"parent":0,"menu_order":0,"comment_status":"open","ping_status":"open","template":"100-width.php","meta":{"footnotes":""},"class_list":["post-1080","page","type-page","status-publish","hentry"],"_links":{"self":[{"href":"https:\/\/ar-ne.org\/ro\/wp-json\/wp\/v2\/pages\/1080","targetHints":{"allow":["GET"]}}],"collection":[{"href":"https:\/\/ar-ne.org\/ro\/wp-json\/wp\/v2\/pages"}],"about":[{"href":"https:\/\/ar-ne.org\/ro\/wp-json\/wp\/v2\/types\/page"}],"author":[{"embeddable":true,"href":"https:\/\/ar-ne.org\/ro\/wp-json\/wp\/v2\/users\/1"}],"replies":[{"embeddable":true,"href":"https:\/\/ar-ne.org\/ro\/wp-json\/wp\/v2\/comments?post=1080"}],"version-history":[{"count":62,"href":"https:\/\/ar-ne.org\/ro\/wp-json\/wp\/v2\/pages\/1080\/revisions"}],"predecessor-version":[{"id":2362,"href":"https:\/\/ar-ne.org\/ro\/wp-json\/wp\/v2\/pages\/1080\/revisions\/2362"}],"wp:attachment":[{"href":"https:\/\/ar-ne.org\/ro\/wp-json\/wp\/v2\/media?parent=1080"}],"curies":[{"name":"wp","href":"https:\/\/api.w.org\/{rel}","templated":true}]}}